{"id":2,"date":"2025-05-06T14:00:23","date_gmt":"2025-05-06T14:00:23","guid":{"rendered":"https:\/\/modasstylo.rkinformatika.online\/?page_id=2"},"modified":"2025-05-15T08:10:10","modified_gmt":"2025-05-15T08:10:10","slug":"inicio","status":"publish","type":"page","link":"https:\/\/modasstylo.es\/eu\/","title":{"rendered":"Hasiera"},"content":{"rendered":"<div data-elementor-type=\"wp-page\" data-elementor-id=\"2\" class=\"elementor elementor-2\" data-elementor-post-type=\"page\">\n\t\t\t\t<div class=\"elementor-element elementor-element-64bae63 e-flex e-con-boxed elementor-invisible e-con e-parent\" data-id=\"64bae63\" data-element_type=\"container\" data-e-type=\"container\" data-settings=\"{&quot;background_background&quot;:&quot;classic&quot;,&quot;animation&quot;:&quot;fadeIn&quot;}\">\n\t\t\t\t\t<div class=\"e-con-inner\">\n\t\t<div class=\"elementor-element elementor-element-9ef788d e-con-full animated-slow e-flex elementor-invisible e-con e-child\" data-id=\"9ef788d\" data-element_type=\"container\" data-e-type=\"container\" data-settings=\"{&quot;animation&quot;:&quot;fadeInDown&quot;}\">\n\t\t\t\t<div class=\"elementor-element elementor-element-d932eb0 elementor-widget elementor-widget-heading\" data-id=\"d932eb0\" data-element_type=\"widget\" data-e-type=\"widget\" data-widget_type=\"heading.default\">\n\t\t\t\t<div class=\"elementor-widget-container\">\n\t\t\t\t\t<h1 class=\"elementor-heading-title elementor-size-default\">Ongi etorri Modas Stylora<\/h1>\t\t\t\t<\/div>\n\t\t\t\t<\/div>\n\t\t\t\t<div class=\"elementor-element elementor-element-8da2359 elementor-widget elementor-widget-heading\" data-id=\"8da2359\" data-element_type=\"widget\" data-e-type=\"widget\" data-widget_type=\"heading.default\">\n\t\t\t\t<div class=\"elementor-widget-container\">\n\t\t\t\t\t<h1 class=\"elementor-heading-title elementor-size-default\">Zure konfiantzazko arropa-denda, tamaina anitzekoa, emakumeentzat eta haurrentzat<\/h1>\t\t\t\t<\/div>\n\t\t\t\t<\/div>\n\t\t\t\t<\/div>\n\t\t\t\t<div class=\"elementor-element elementor-element-e725a5a elementor-align-center elementor-tablet-align-center elementor-mobile-align-center elementor-widget__width-initial animated-slow elementor-invisible elementor-widget elementor-widget-button\" data-id=\"e725a5a\" data-element_type=\"widget\" data-e-type=\"widget\" data-settings=\"{&quot;_animation&quot;:&quot;fadeInUp&quot;,&quot;_animation_delay&quot;:1000}\" data-widget_type=\"button.default\">\n\t\t\t\t<div class=\"elementor-widget-container\">\n\t\t\t\t\t\t\t\t\t<div class=\"elementor-button-wrapper\">\n\t\t\t\t\t<a class=\"elementor-button elementor-button-link elementor-size-sm\" href=\"https:\/\/maps.app.goo.gl\/5bQGfpXbCHDYGWDu5\" target=\"_blank\">\n\t\t\t\t\t\t<span class=\"elementor-button-content-wrapper\">\n\t\t\t\t\t\t\t\t\t<span class=\"elementor-button-text\">Bisita gaitzazu<\/span>\n\t\t\t\t\t<\/span>\n\t\t\t\t\t<\/a>\n\t\t\t\t<\/div>\n\t\t\t\t\t\t\t\t<\/div>\n\t\t\t\t<\/div>\n\t\t\t\t\t<\/div>\n\t\t\t\t<\/div>\n\t\t<div class=\"elementor-element elementor-element-da60935 e-con-full e-flex e-con e-parent\" data-id=\"da60935\" data-element_type=\"container\" data-e-type=\"container\">\n\t\t<div class=\"elementor-element elementor-element-595007e e-con-full animated-slow e-flex elementor-invisible e-con e-child\" data-id=\"595007e\" data-element_type=\"container\" data-e-type=\"container\" data-settings=\"{&quot;background_background&quot;:&quot;gradient&quot;,&quot;animation&quot;:&quot;fadeInLeft&quot;}\">\n\t\t<div class=\"elementor-element elementor-element-3e7a335 e-con-full e-flex e-con e-child\" data-id=\"3e7a335\" data-element_type=\"container\" data-e-type=\"container\">\n\t\t\t\t<div class=\"elementor-element elementor-element-dc82387 elementor-widget elementor-widget-heading\" data-id=\"dc82387\" data-element_type=\"widget\" data-e-type=\"widget\" data-widget_type=\"heading.default\">\n\t\t\t\t<div class=\"elementor-widget-container\">\n\t\t\t\t\t<h2 class=\"elementor-heading-title elementor-size-default\">Gure historia<\/h2>\t\t\t\t<\/div>\n\t\t\t\t<\/div>\n\t\t\t\t<div class=\"elementor-element elementor-element-c9b5bc9 elementor-widget-divider--separator-type-pattern elementor-widget-divider--no-spacing elementor-widget-divider--view-line elementor-widget elementor-widget-divider\" data-id=\"c9b5bc9\" data-element_type=\"widget\" data-e-type=\"widget\" data-widget_type=\"divider.default\">\n\t\t\t\t<div class=\"elementor-widget-container\">\n\t\t\t\t\t\t\t<div class=\"elementor-divider\" style=\"--divider-pattern-url: url(&quot;data:image\/svg+xml,%3Csvg xmlns=&#039;http:\/\/www.w3.org\/2000\/svg&#039; preserveAspectRatio=&#039;none&#039; overflow=&#039;visible&#039; height=&#039;100%&#039; viewBox=&#039;0 0 24 24&#039; fill=&#039;black&#039; stroke=&#039;none&#039;%3E%3Cpath d=&#039;M24,8v12H0V8H24z M24,4v1H0V4H24z&#039;\/%3E%3C\/svg%3E&quot;);\">\n\t\t\t<span class=\"elementor-divider-separator\">\n\t\t\t\t\t\t<\/span>\n\t\t<\/div>\n\t\t\t\t\t\t<\/div>\n\t\t\t\t<\/div>\n\t\t\t\t<div class=\"elementor-element elementor-element-cb28afc elementor-widget-mobile__width-initial elementor-widget elementor-widget-text-editor\" data-id=\"cb28afc\" data-element_type=\"widget\" data-e-type=\"widget\" data-widget_type=\"text-editor.default\">\n\t\t\t\t<div class=\"elementor-widget-container\">\n\t\t\t\t\t\t\t\t\t<p>2002az geroztik, Stylo modetan ilusioz eta dedikazioz janzten ditugu emakumeak eta haurrak, egunerokotasunerako gaur egungo arropa eroso eta eskuragarria eskainiz. Emakumeen modan espezializatzen gara 64 tailara arte eta haurrentzako arropan 16 tailara arte, gustu eta behar guztietarako pentsatutako estilo, kolore eta ehun ugarirekin.<\/p><p>Hurbiltasuna, kalitatea eta gustu ona ezaugarri gisa mantentzen saiatu gara, benetako emakumea janzteko ideiarekin, neurria kontuan hartu gabe, eta denborarekin gure eskaintza zabaldu genuen, haurrentzako moda ere sartzeko, betiere jantzi funtzionalak, modernoak eta preziorik onenean eskaintzeko grina berarekin.<\/p><p>Modak guztion eskura egon behar duela uste dugu, estiloari, kalitateari eta erosotasunari uko egin gabe. Zatoz gure bildumak ezagutzera, eta utzi gertuko talde bati aholkuak ematen, zuri edo zure ingurukoei hobekien egokitzen zaiena aurkitzen lagunduko baitizu.<\/p>\t\t\t\t\t\t\t\t<\/div>\n\t\t\t\t<\/div>\n\t\t\t\t<\/div>\n\t\t<div class=\"elementor-element elementor-element-fc91f1b e-con-full e-flex e-con e-child\" data-id=\"fc91f1b\" data-element_type=\"container\" data-e-type=\"container\">\n\t\t\t\t<div class=\"elementor-element elementor-element-74a9348 elementor-widget elementor-widget-image\" data-id=\"74a9348\" data-element_type=\"widget\" data-e-type=\"widget\" data-widget_type=\"image.default\">\n\t\t\t\t<div class=\"elementor-widget-container\">\n\t\t\t\t\t\t\t\t\t\t\t\t\t\t\t<img fetchpriority=\"high\" decoding=\"async\" width=\"2560\" height=\"1920\" src=\"https:\/\/modasstylo.es\/wp-content\/uploads\/2025\/05\/IMG_3704-Mayka-Rodriguez-scaled.jpeg\" class=\"attachment-full size-full wp-image-254\" alt=\"\" srcset=\"https:\/\/modasstylo.es\/wp-content\/uploads\/2025\/05\/IMG_3704-Mayka-Rodriguez-scaled.jpeg 2560w, https:\/\/modasstylo.es\/wp-content\/uploads\/2025\/05\/IMG_3704-Mayka-Rodriguez-300x225.jpeg 300w, https:\/\/modasstylo.es\/wp-content\/uploads\/2025\/05\/IMG_3704-Mayka-Rodriguez-1024x768.jpeg 1024w, https:\/\/modasstylo.es\/wp-content\/uploads\/2025\/05\/IMG_3704-Mayka-Rodriguez-768x576.jpeg 768w, https:\/\/modasstylo.es\/wp-content\/uploads\/2025\/05\/IMG_3704-Mayka-Rodriguez-1536x1152.jpeg 1536w, https:\/\/modasstylo.es\/wp-content\/uploads\/2025\/05\/IMG_3704-Mayka-Rodriguez-2048x1536.jpeg 2048w, https:\/\/modasstylo.es\/wp-content\/uploads\/2025\/05\/IMG_3704-Mayka-Rodriguez-16x12.jpeg 16w\" sizes=\"(max-width: 2560px) 100vw, 2560px\" \/>\t\t\t\t\t\t\t\t\t\t\t\t\t\t\t<\/div>\n\t\t\t\t<\/div>\n\t\t\t\t<\/div>\n\t\t\t\t<\/div>\n\t\t<div class=\"elementor-element elementor-element-cc2311b e-con-full e-flex e-con e-child\" data-id=\"cc2311b\" data-element_type=\"container\" data-e-type=\"container\">\n\t\t<div class=\"elementor-element elementor-element-d16a2f3 e-con-full animated-slow e-flex elementor-invisible e-con e-child\" data-id=\"d16a2f3\" data-element_type=\"container\" data-e-type=\"container\" data-settings=\"{&quot;background_background&quot;:&quot;classic&quot;,&quot;animation&quot;:&quot;fadeInUp&quot;,&quot;animation_delay&quot;:500}\">\n\t\t\t\t<div class=\"elementor-element elementor-element-0421b23 elementor-widget elementor-widget-image\" data-id=\"0421b23\" data-element_type=\"widget\" data-e-type=\"widget\" data-widget_type=\"image.default\">\n\t\t\t\t<div class=\"elementor-widget-container\">\n\t\t\t\t\t\t\t\t\t\t\t\t\t\t\t<img decoding=\"async\" width=\"866\" height=\"814\" src=\"https:\/\/modasstylo.es\/wp-content\/uploads\/2025\/05\/lavadora-5.png\" class=\"attachment-full size-full wp-image-525\" alt=\"\" srcset=\"https:\/\/modasstylo.es\/wp-content\/uploads\/2025\/05\/lavadora-5.png 866w, https:\/\/modasstylo.es\/wp-content\/uploads\/2025\/05\/lavadora-5-300x282.png 300w, https:\/\/modasstylo.es\/wp-content\/uploads\/2025\/05\/lavadora-5-768x722.png 768w, https:\/\/modasstylo.es\/wp-content\/uploads\/2025\/05\/lavadora-5-13x12.png 13w\" sizes=\"(max-width: 866px) 100vw, 866px\" \/>\t\t\t\t\t\t\t\t\t\t\t\t\t\t\t<\/div>\n\t\t\t\t<\/div>\n\t\t<div class=\"elementor-element elementor-element-15a7038 e-con-full e-flex e-con e-child\" data-id=\"15a7038\" data-element_type=\"container\" data-e-type=\"container\" data-settings=\"{&quot;background_background&quot;:&quot;classic&quot;}\">\n\t\t\t\t<div class=\"elementor-element elementor-element-3303724 elementor-widget elementor-widget-text-editor\" data-id=\"3303724\" data-element_type=\"widget\" data-e-type=\"widget\" data-widget_type=\"text-editor.default\">\n\t\t\t\t<div class=\"elementor-widget-container\">\n\t\t\t\t\t\t\t\t\t<p>Erosotasuna<\/p>\t\t\t\t\t\t\t\t<\/div>\n\t\t\t\t<\/div>\n\t\t\t\t<div class=\"elementor-element elementor-element-804e154 elementor-widget elementor-widget-text-editor\" data-id=\"804e154\" data-element_type=\"widget\" data-e-type=\"widget\" data-widget_type=\"text-editor.default\">\n\t\t\t\t<div class=\"elementor-widget-container\">\n\t\t\t\t\t\t\t\t\t<p class=\"\" data-start=\"132\" data-end=\"387\"><em>Askotariko jantziak: tailuak, goma gerrian, ehun elastikoak, egunerokorako pentsatutako ebakiak eta estilo eta adin guztietara egokitzen den erosotasuna.<\/em><\/p>\t\t\t\t\t\t\t\t<\/div>\n\t\t\t\t<\/div>\n\t\t\t\t<\/div>\n\t\t\t\t<\/div>\n\t\t<div class=\"elementor-element elementor-element-192e635 e-con-full animated-slow e-flex elementor-invisible e-con e-child\" data-id=\"192e635\" data-element_type=\"container\" data-e-type=\"container\" data-settings=\"{&quot;background_background&quot;:&quot;classic&quot;,&quot;animation&quot;:&quot;fadeInUp&quot;,&quot;animation_delay&quot;:500}\">\n\t\t\t\t<div class=\"elementor-element elementor-element-15ac771 elementor-widget elementor-widget-image\" data-id=\"15ac771\" data-element_type=\"widget\" data-e-type=\"widget\" data-widget_type=\"image.default\">\n\t\t\t\t<div class=\"elementor-widget-container\">\n\t\t\t\t\t\t\t\t\t\t\t\t\t\t\t<img decoding=\"async\" width=\"866\" height=\"814\" src=\"https:\/\/modasstylo.es\/wp-content\/uploads\/2025\/05\/lavadora-6.png\" class=\"attachment-full size-full wp-image-533\" alt=\"\" srcset=\"https:\/\/modasstylo.es\/wp-content\/uploads\/2025\/05\/lavadora-6.png 866w, https:\/\/modasstylo.es\/wp-content\/uploads\/2025\/05\/lavadora-6-300x282.png 300w, https:\/\/modasstylo.es\/wp-content\/uploads\/2025\/05\/lavadora-6-768x722.png 768w, https:\/\/modasstylo.es\/wp-content\/uploads\/2025\/05\/lavadora-6-13x12.png 13w\" sizes=\"(max-width: 866px) 100vw, 866px\" \/>\t\t\t\t\t\t\t\t\t\t\t\t\t\t\t<\/div>\n\t\t\t\t<\/div>\n\t\t<div class=\"elementor-element elementor-element-68260ec e-con-full e-flex e-con e-child\" data-id=\"68260ec\" data-element_type=\"container\" data-e-type=\"container\" data-settings=\"{&quot;background_background&quot;:&quot;classic&quot;}\">\n\t\t\t\t<div class=\"elementor-element elementor-element-52e3545 elementor-widget elementor-widget-text-editor\" data-id=\"52e3545\" data-element_type=\"widget\" data-e-type=\"widget\" data-widget_type=\"text-editor.default\">\n\t\t\t\t<div class=\"elementor-widget-container\">\n\t\t\t\t\t\t\t\t\t<p>Estilo aniztasuna<\/p>\t\t\t\t\t\t\t\t<\/div>\n\t\t\t\t<\/div>\n\t\t\t\t<div class=\"elementor-element elementor-element-7761da9 elementor-widget elementor-widget-text-editor\" data-id=\"7761da9\" data-element_type=\"widget\" data-e-type=\"widget\" data-widget_type=\"text-editor.default\">\n\t\t\t\t<div class=\"elementor-widget-container\">\n\t\t\t\t\t\t\t\t\t<p class=\"\" data-start=\"132\" data-end=\"387\"><em>Bezero bakoitzak bere estilo pertsonala aurki dezan, klasikotik hasi eta gaur egunera arte, bere nortasuna eta gustu paregabea islatzen duten kolore, estanpatu eta diseinuekin.<\/em><\/p>\t\t\t\t\t\t\t\t<\/div>\n\t\t\t\t<\/div>\n\t\t\t\t<\/div>\n\t\t\t\t<\/div>\n\t\t<div class=\"elementor-element elementor-element-b4ec2f2 e-con-full animated-slow e-flex elementor-invisible e-con e-child\" data-id=\"b4ec2f2\" data-element_type=\"container\" data-e-type=\"container\" data-settings=\"{&quot;background_background&quot;:&quot;classic&quot;,&quot;animation&quot;:&quot;fadeInUp&quot;,&quot;animation_delay&quot;:500}\">\n\t\t\t\t<div class=\"elementor-element elementor-element-74b12b6 elementor-widget elementor-widget-image\" data-id=\"74b12b6\" data-element_type=\"widget\" data-e-type=\"widget\" data-widget_type=\"image.default\">\n\t\t\t\t<div class=\"elementor-widget-container\">\n\t\t\t\t\t\t\t\t\t\t\t\t\t\t\t<img loading=\"lazy\" decoding=\"async\" width=\"866\" height=\"814\" src=\"https:\/\/modasstylo.es\/wp-content\/uploads\/2025\/05\/lavadora-3.png\" class=\"attachment-full size-full wp-image-508\" alt=\"\" srcset=\"https:\/\/modasstylo.es\/wp-content\/uploads\/2025\/05\/lavadora-3.png 866w, https:\/\/modasstylo.es\/wp-content\/uploads\/2025\/05\/lavadora-3-300x282.png 300w, https:\/\/modasstylo.es\/wp-content\/uploads\/2025\/05\/lavadora-3-768x722.png 768w, https:\/\/modasstylo.es\/wp-content\/uploads\/2025\/05\/lavadora-3-13x12.png 13w\" sizes=\"(max-width: 866px) 100vw, 866px\" \/>\t\t\t\t\t\t\t\t\t\t\t\t\t\t\t<\/div>\n\t\t\t\t<\/div>\n\t\t<div class=\"elementor-element elementor-element-ad8c52d e-con-full e-flex e-con e-child\" data-id=\"ad8c52d\" data-element_type=\"container\" data-e-type=\"container\" data-settings=\"{&quot;background_background&quot;:&quot;classic&quot;}\">\n\t\t\t\t<div class=\"elementor-element elementor-element-be8c96c elementor-widget elementor-widget-text-editor\" data-id=\"be8c96c\" data-element_type=\"widget\" data-e-type=\"widget\" data-widget_type=\"text-editor.default\">\n\t\t\t\t<div class=\"elementor-widget-container\">\n\t\t\t\t\t\t\t\t\t<p>Zaintzen erraza den arropa<\/p>\t\t\t\t\t\t\t\t<\/div>\n\t\t\t\t<\/div>\n\t\t\t\t<div class=\"elementor-element elementor-element-770204c elementor-widget elementor-widget-text-editor\" data-id=\"770204c\" data-element_type=\"widget\" data-e-type=\"widget\" data-widget_type=\"text-editor.default\">\n\t\t\t\t<div class=\"elementor-widget-container\">\n\t\t\t\t\t\t\t\t\t<p class=\"\" data-start=\"132\" data-end=\"387\"><em>Gure arropa guztia garbigailuan garbitu eta lehorgailu industrialetan lehortu daiteke: ezin hobea etxerako, egoitzetarako eta adinekoen zentroetarako.<\/em><\/p>\t\t\t\t\t\t\t\t<\/div>\n\t\t\t\t<\/div>\n\t\t\t\t<\/div>\n\t\t\t\t<\/div>\n\t\t\t\t<\/div>\n\t\t\t\t<\/div>\n\t\t<div class=\"elementor-element elementor-element-7414575 e-flex e-con-boxed elementor-invisible e-con e-parent\" data-id=\"7414575\" data-element_type=\"container\" data-e-type=\"container\" data-settings=\"{&quot;background_background&quot;:&quot;classic&quot;,&quot;animation&quot;:&quot;fadeIn&quot;}\">\n\t\t\t\t\t<div class=\"e-con-inner\">\n\t\t<div class=\"elementor-element elementor-element-9eb0627 e-con-full e-flex e-con e-child\" data-id=\"9eb0627\" data-element_type=\"container\" data-e-type=\"container\">\n\t\t<div class=\"elementor-element elementor-element-5895f96 e-con-full e-flex e-con e-child\" data-id=\"5895f96\" data-element_type=\"container\" data-e-type=\"container\">\n\t\t\t\t<div class=\"elementor-element elementor-element-a0d844c animated-slow elementor-invisible elementor-widget elementor-widget-heading\" data-id=\"a0d844c\" data-element_type=\"widget\" data-e-type=\"widget\" data-settings=\"{&quot;_animation&quot;:&quot;fadeInDown&quot;,&quot;_animation_delay&quot;:1000}\" data-widget_type=\"heading.default\">\n\t\t\t\t<div class=\"elementor-widget-container\">\n\t\t\t\t\t<h1 class=\"elementor-heading-title elementor-size-default\">Begira zer daukagun zuretzat.<\/h1>\t\t\t\t<\/div>\n\t\t\t\t<\/div>\n\t\t\t\t<div class=\"elementor-element elementor-element-0cb601a elementor-align-center elementor-tablet-align-center elementor-mobile-align-center elementor-widget__width-initial animated-slow elementor-invisible elementor-widget elementor-widget-button\" data-id=\"0cb601a\" data-element_type=\"widget\" data-e-type=\"widget\" data-settings=\"{&quot;_animation&quot;:&quot;fadeInUp&quot;,&quot;_animation_delay&quot;:1000}\" data-widget_type=\"button.default\">\n\t\t\t\t<div class=\"elementor-widget-container\">\n\t\t\t\t\t\t\t\t\t<div class=\"elementor-button-wrapper\">\n\t\t\t\t\t<a class=\"elementor-button elementor-button-link elementor-size-sm\" href=\"https:\/\/modasstylo.es\/eu\/servicios\/\">\n\t\t\t\t\t\t<span class=\"elementor-button-content-wrapper\">\n\t\t\t\t\t\t\t\t\t<span class=\"elementor-button-text\">Ikusi Zerbitzuak<\/span>\n\t\t\t\t\t<\/span>\n\t\t\t\t\t<\/a>\n\t\t\t\t<\/div>\n\t\t\t\t\t\t\t\t<\/div>\n\t\t\t\t<\/div>\n\t\t\t\t<\/div>\n\t\t\t\t<\/div>\n\t\t\t\t\t<\/div>\n\t\t\t\t<\/div>\n\t\t\t\t<\/div>","protected":false},"excerpt":{"rendered":"<p>Bienvenidos a Modas Stylo Tu tienda de ropa de confianza con variedad de tallas para se\u00f1oras y ni\u00f1os Vis\u00edtanos Nuestra Historia En Modas Stylo llevamos desde 2002 vistiendo con ilusi\u00f3n y dedicaci\u00f3n a mujeres y ni\u00f1os, ofreciendo ropa actual, c\u00f3moda y asequible para el d\u00eda a d\u00eda. Nos especializamos en moda femenina hasta la talla [&hellip;]<\/p>\n","protected":false},"author":1,"featured_media":0,"parent":0,"menu_order":0,"comment_status":"closed","ping_status":"closed","template":"elementor_canvas","meta":{"footnotes":""},"class_list":["post-2","page","type-page","status-publish","hentry"],"yoast_head":"<!-- This site is optimized with the Yoast SEO plugin v27.5 - https:\/\/yoast.com\/product\/yoast-seo-wordpress\/ -->\n<title>Inicio - Modas Stylo<\/title>\n<meta name=\"robots\" content=\"index, follow, max-snippet:-1, max-image-preview:large, max-video-preview:-1\" \/>\n<link rel=\"canonical\" href=\"https:\/\/modasstylo.es\/eu\/\" \/>\n<meta property=\"og:locale\" content=\"en_US\" \/>\n<meta property=\"og:type\" content=\"article\" \/>\n<meta property=\"og:title\" content=\"Inicio - Modas Stylo\" \/>\n<meta property=\"og:description\" content=\"Bienvenidos a Modas Stylo Tu tienda de ropa de confianza con variedad de tallas para se\u00f1oras y ni\u00f1os Vis\u00edtanos Nuestra Historia En Modas Stylo llevamos desde 2002 vistiendo con ilusi\u00f3n y dedicaci\u00f3n a mujeres y ni\u00f1os, ofreciendo ropa actual, c\u00f3moda y asequible para el d\u00eda a d\u00eda. Nos especializamos en moda femenina hasta la talla [&hellip;]\" \/>\n<meta property=\"og:url\" content=\"https:\/\/modasstylo.es\/eu\/\" \/>\n<meta property=\"og:site_name\" content=\"Modas Stylo\" \/>\n<meta property=\"article:modified_time\" content=\"2025-05-15T08:10:10+00:00\" \/>\n<meta property=\"og:image\" content=\"https:\/\/modasstylo.es\/wp-content\/uploads\/2025\/05\/IMG_3704-Mayka-Rodriguez-scaled.jpeg\" \/>\n<meta name=\"twitter:card\" content=\"summary_large_image\" \/>\n<meta name=\"twitter:label1\" content=\"Est. reading time\" \/>\n\t<meta name=\"twitter:data1\" content=\"3 minutua\" \/>\n<script type=\"application\/ld+json\" class=\"yoast-schema-graph\">{\"@context\":\"https:\\\/\\\/schema.org\",\"@graph\":[{\"@type\":\"WebPage\",\"@id\":\"https:\\\/\\\/modasstylo.es\\\/\",\"url\":\"https:\\\/\\\/modasstylo.es\\\/\",\"name\":\"Inicio - Modas Stylo\",\"isPartOf\":{\"@id\":\"https:\\\/\\\/modasstylo.es\\\/#website\"},\"primaryImageOfPage\":{\"@id\":\"https:\\\/\\\/modasstylo.es\\\/#primaryimage\"},\"image\":{\"@id\":\"https:\\\/\\\/modasstylo.es\\\/#primaryimage\"},\"thumbnailUrl\":\"https:\\\/\\\/modasstylo.es\\\/wp-content\\\/uploads\\\/2025\\\/05\\\/IMG_3704-Mayka-Rodriguez-scaled.jpeg\",\"datePublished\":\"2025-05-06T14:00:23+00:00\",\"dateModified\":\"2025-05-15T08:10:10+00:00\",\"breadcrumb\":{\"@id\":\"https:\\\/\\\/modasstylo.es\\\/#breadcrumb\"},\"inLanguage\":\"eu\",\"potentialAction\":[{\"@type\":\"ReadAction\",\"target\":[\"https:\\\/\\\/modasstylo.es\\\/\"]}]},{\"@type\":\"ImageObject\",\"inLanguage\":\"eu\",\"@id\":\"https:\\\/\\\/modasstylo.es\\\/#primaryimage\",\"url\":\"https:\\\/\\\/modasstylo.es\\\/wp-content\\\/uploads\\\/2025\\\/05\\\/IMG_3704-Mayka-Rodriguez-scaled.jpeg\",\"contentUrl\":\"https:\\\/\\\/modasstylo.es\\\/wp-content\\\/uploads\\\/2025\\\/05\\\/IMG_3704-Mayka-Rodriguez-scaled.jpeg\"},{\"@type\":\"BreadcrumbList\",\"@id\":\"https:\\\/\\\/modasstylo.es\\\/#breadcrumb\",\"itemListElement\":[{\"@type\":\"ListItem\",\"position\":1,\"name\":\"Portada\",\"item\":\"https:\\\/\\\/modasstylo.es\\\/\"},{\"@type\":\"ListItem\",\"position\":2,\"name\":\"Inicio\"}]},{\"@type\":\"WebSite\",\"@id\":\"https:\\\/\\\/modasstylo.es\\\/#website\",\"url\":\"https:\\\/\\\/modasstylo.es\\\/\",\"name\":\"Modas Stylo\",\"description\":\"Ropa de se\u00f1ora hasta la talla 64 y tambi\u00e9n de ni\u00f1os hasta la talla 16\",\"publisher\":{\"@id\":\"https:\\\/\\\/modasstylo.es\\\/#organization\"},\"potentialAction\":[{\"@type\":\"SearchAction\",\"target\":{\"@type\":\"EntryPoint\",\"urlTemplate\":\"https:\\\/\\\/modasstylo.es\\\/?s={search_term_string}\"},\"query-input\":{\"@type\":\"PropertyValueSpecification\",\"valueRequired\":true,\"valueName\":\"search_term_string\"}}],\"inLanguage\":\"eu\"},{\"@type\":\"Organization\",\"@id\":\"https:\\\/\\\/modasstylo.es\\\/#organization\",\"name\":\"Modas Stylo\",\"url\":\"https:\\\/\\\/modasstylo.es\\\/\",\"logo\":{\"@type\":\"ImageObject\",\"inLanguage\":\"eu\",\"@id\":\"https:\\\/\\\/modasstylo.es\\\/#\\\/schema\\\/logo\\\/image\\\/\",\"url\":\"https:\\\/\\\/modasstylo.es\\\/wp-content\\\/uploads\\\/2025\\\/05\\\/cropped-Stylo_logo.png\",\"contentUrl\":\"https:\\\/\\\/modasstylo.es\\\/wp-content\\\/uploads\\\/2025\\\/05\\\/cropped-Stylo_logo.png\",\"width\":1024,\"height\":586,\"caption\":\"Modas Stylo\"},\"image\":{\"@id\":\"https:\\\/\\\/modasstylo.es\\\/#\\\/schema\\\/logo\\\/image\\\/\"}}]}<\/script>\n<!-- \/ Yoast SEO plugin. -->","yoast_head_json":{"title":"Inicio - Modas Stylo","robots":{"index":"index","follow":"follow","max-snippet":"max-snippet:-1","max-image-preview":"max-image-preview:large","max-video-preview":"max-video-preview:-1"},"canonical":"https:\/\/modasstylo.es\/eu\/","og_locale":"en_US","og_type":"article","og_title":"Inicio - Modas Stylo","og_description":"Bienvenidos a Modas Stylo Tu tienda de ropa de confianza con variedad de tallas para se\u00f1oras y ni\u00f1os Vis\u00edtanos Nuestra Historia En Modas Stylo llevamos desde 2002 vistiendo con ilusi\u00f3n y dedicaci\u00f3n a mujeres y ni\u00f1os, ofreciendo ropa actual, c\u00f3moda y asequible para el d\u00eda a d\u00eda. Nos especializamos en moda femenina hasta la talla [&hellip;]","og_url":"https:\/\/modasstylo.es\/eu\/","og_site_name":"Modas Stylo","article_modified_time":"2025-05-15T08:10:10+00:00","og_image":[{"url":"https:\/\/modasstylo.es\/wp-content\/uploads\/2025\/05\/IMG_3704-Mayka-Rodriguez-scaled.jpeg","type":"","width":"","height":""}],"twitter_card":"summary_large_image","twitter_misc":{"Est. reading time":"3 minutua"},"schema":{"@context":"https:\/\/schema.org","@graph":[{"@type":"WebPage","@id":"https:\/\/modasstylo.es\/","url":"https:\/\/modasstylo.es\/","name":"Inicio - Modas Stylo","isPartOf":{"@id":"https:\/\/modasstylo.es\/#website"},"primaryImageOfPage":{"@id":"https:\/\/modasstylo.es\/#primaryimage"},"image":{"@id":"https:\/\/modasstylo.es\/#primaryimage"},"thumbnailUrl":"https:\/\/modasstylo.es\/wp-content\/uploads\/2025\/05\/IMG_3704-Mayka-Rodriguez-scaled.jpeg","datePublished":"2025-05-06T14:00:23+00:00","dateModified":"2025-05-15T08:10:10+00:00","breadcrumb":{"@id":"https:\/\/modasstylo.es\/#breadcrumb"},"inLanguage":"eu","potentialAction":[{"@type":"ReadAction","target":["https:\/\/modasstylo.es\/"]}]},{"@type":"ImageObject","inLanguage":"eu","@id":"https:\/\/modasstylo.es\/#primaryimage","url":"https:\/\/modasstylo.es\/wp-content\/uploads\/2025\/05\/IMG_3704-Mayka-Rodriguez-scaled.jpeg","contentUrl":"https:\/\/modasstylo.es\/wp-content\/uploads\/2025\/05\/IMG_3704-Mayka-Rodriguez-scaled.jpeg"},{"@type":"BreadcrumbList","@id":"https:\/\/modasstylo.es\/#breadcrumb","itemListElement":[{"@type":"ListItem","position":1,"name":"Portada","item":"https:\/\/modasstylo.es\/"},{"@type":"ListItem","position":2,"name":"Inicio"}]},{"@type":"WebSite","@id":"https:\/\/modasstylo.es\/#website","url":"https:\/\/modasstylo.es\/","name":"Modas Stylo","description":"Ropa de se\u00f1ora hasta la talla 64 y tambi\u00e9n de ni\u00f1os hasta la talla 16","publisher":{"@id":"https:\/\/modasstylo.es\/#organization"},"potentialAction":[{"@type":"SearchAction","target":{"@type":"EntryPoint","urlTemplate":"https:\/\/modasstylo.es\/?s={search_term_string}"},"query-input":{"@type":"PropertyValueSpecification","valueRequired":true,"valueName":"search_term_string"}}],"inLanguage":"eu"},{"@type":"Organization","@id":"https:\/\/modasstylo.es\/#organization","name":"Modas Stylo","url":"https:\/\/modasstylo.es\/","logo":{"@type":"ImageObject","inLanguage":"eu","@id":"https:\/\/modasstylo.es\/#\/schema\/logo\/image\/","url":"https:\/\/modasstylo.es\/wp-content\/uploads\/2025\/05\/cropped-Stylo_logo.png","contentUrl":"https:\/\/modasstylo.es\/wp-content\/uploads\/2025\/05\/cropped-Stylo_logo.png","width":1024,"height":586,"caption":"Modas Stylo"},"image":{"@id":"https:\/\/modasstylo.es\/#\/schema\/logo\/image\/"}}]}},"_links":{"self":[{"href":"https:\/\/modasstylo.es\/eu\/wp-json\/wp\/v2\/pages\/2","targetHints":{"allow":["GET"]}}],"collection":[{"href":"https:\/\/modasstylo.es\/eu\/wp-json\/wp\/v2\/pages"}],"about":[{"href":"https:\/\/modasstylo.es\/eu\/wp-json\/wp\/v2\/types\/page"}],"author":[{"embeddable":true,"href":"https:\/\/modasstylo.es\/eu\/wp-json\/wp\/v2\/users\/1"}],"replies":[{"embeddable":true,"href":"https:\/\/modasstylo.es\/eu\/wp-json\/wp\/v2\/comments?post=2"}],"version-history":[{"count":310,"href":"https:\/\/modasstylo.es\/eu\/wp-json\/wp\/v2\/pages\/2\/revisions"}],"predecessor-version":[{"id":880,"href":"https:\/\/modasstylo.es\/eu\/wp-json\/wp\/v2\/pages\/2\/revisions\/880"}],"wp:attachment":[{"href":"https:\/\/modasstylo.es\/eu\/wp-json\/wp\/v2\/media?parent=2"}],"curies":[{"name":"wp","href":"https:\/\/api.w.org\/{rel}","templated":true}]}}